{"id":1463,"date":"2022-09-12T15:58:02","date_gmt":"2022-09-12T12:58:02","guid":{"rendered":"http:\/\/softcom.ee\/kontaktid\/"},"modified":"2023-11-07T08:59:44","modified_gmt":"2023-11-07T06:59:44","slug":"kontaktid","status":"publish","type":"page","link":"https:\/\/softcom.ee\/et\/kontaktid\/","title":{"rendered":"Kontaktid"},"content":{"rendered":"\r\n<section class=\"sub-page-header\" style=\"background-image: url(https:\/\/softcom.ee\/wp-content\/uploads\/2022\/09\/21JJ1217_363-4-1.jpg);\">\r\n    <div class=\"container\">\r\n        <div class=\"row\">\r\n            <h1><span>Jagad meie kirge m\u00f6\u00f6bli vastu? V\u00f5ta meiega \u00fchendust!<\/span><\/h1>\r\n        <\/div>\r\n    <\/div>\r\n<\/section>\n\n\r\n<section class=\"content padding-top-double-large padding-bottom-medium\" >\r\n  <div class=\"container\">\r\n    <div class=\"row\">\r\n          <\/div>\r\n  <\/div>\r\n<\/section>\n\n\r\n<section class=\"content padding-top-none padding-bottom-double-large\" >\r\n  <div class=\"container\">\r\n    <div class=\"row\">\r\n          <\/div>\r\n  <\/div>\r\n<\/section>","protected":false},"excerpt":{"rendered":"","protected":false},"author":1,"featured_media":0,"parent":0,"menu_order":0,"comment_status":"closed","ping_status":"closed","template":"","meta":{"inline_featured_image":false,"footnotes":""},"class_list":["post-1463","page","type-page","status-publish","hentry"],"acf":[],"yoast_head":"<!-- This site is optimized with the Yoast SEO plugin v27.4 - https:\/\/yoast.com\/product\/yoast-seo-wordpress\/ -->\n<title>Softcom - Jagad meie kirge m\u00f6\u00f6bli vastu? V\u00f5ta meiega \u00fchendust!<\/title>\n<meta name=\"description\" content=\"V\u00f5ta meiega \u00fchendust! We can make it happen together. Softcom can turn an idea into a product.\" \/>\n<meta name=\"robots\" content=\"index, follow, max-snippet:-1, max-image-preview:large, max-video-preview:-1\" \/>\n<link rel=\"canonical\" href=\"https:\/\/softcom.ee\/et\/kontaktid\/\" \/>\n<meta property=\"og:locale\" content=\"et_EE\" \/>\n<meta property=\"og:type\" content=\"article\" \/>\n<meta property=\"og:title\" content=\"Softcom - Jagad meie kirge m\u00f6\u00f6bli vastu? V\u00f5ta meiega \u00fchendust!\" \/>\n<meta property=\"og:description\" content=\"V\u00f5ta meiega \u00fchendust! We can make it happen together. Softcom can turn an idea into a product.\" \/>\n<meta property=\"og:url\" content=\"https:\/\/softcom.ee\/et\/kontaktid\/\" \/>\n<meta property=\"og:site_name\" content=\"Softcom\" \/>\n<meta property=\"article:publisher\" content=\"https:\/\/www.facebook.com\/Softcomestonia\/\" \/>\n<meta property=\"article:modified_time\" content=\"2023-11-07T06:59:44+00:00\" \/>\n<meta name=\"twitter:card\" content=\"summary_large_image\" \/>\n<script type=\"application\/ld+json\" class=\"yoast-schema-graph\">{\"@context\":\"https:\\\/\\\/schema.org\",\"@graph\":[{\"@type\":\"WebPage\",\"@id\":\"https:\\\/\\\/softcom.ee\\\/et\\\/kontaktid\\\/\",\"url\":\"https:\\\/\\\/softcom.ee\\\/et\\\/kontaktid\\\/\",\"name\":\"Softcom - Jagad meie kirge m\u00f6\u00f6bli vastu? V\u00f5ta meiega \u00fchendust!\",\"isPartOf\":{\"@id\":\"https:\\\/\\\/softcom.ee\\\/#website\"},\"datePublished\":\"2022-09-12T12:58:02+00:00\",\"dateModified\":\"2023-11-07T06:59:44+00:00\",\"description\":\"V\u00f5ta meiega \u00fchendust! We can make it happen together. Softcom can turn an idea into a product.\",\"breadcrumb\":{\"@id\":\"https:\\\/\\\/softcom.ee\\\/et\\\/kontaktid\\\/#breadcrumb\"},\"inLanguage\":\"et\",\"potentialAction\":[{\"@type\":\"ReadAction\",\"target\":[\"https:\\\/\\\/softcom.ee\\\/et\\\/kontaktid\\\/\"]}]},{\"@type\":\"BreadcrumbList\",\"@id\":\"https:\\\/\\\/softcom.ee\\\/et\\\/kontaktid\\\/#breadcrumb\",\"itemListElement\":[{\"@type\":\"ListItem\",\"position\":1,\"name\":\"Home\",\"item\":\"https:\\\/\\\/softcom.ee\\\/et\\\/\"},{\"@type\":\"ListItem\",\"position\":2,\"name\":\"Kontaktid\"}]},{\"@type\":\"WebSite\",\"@id\":\"https:\\\/\\\/softcom.ee\\\/#website\",\"url\":\"https:\\\/\\\/softcom.ee\\\/\",\"name\":\"Softcom\",\"description\":\"Softcom web\",\"publisher\":{\"@id\":\"https:\\\/\\\/softcom.ee\\\/#organization\"},\"potentialAction\":[{\"@type\":\"SearchAction\",\"target\":{\"@type\":\"EntryPoint\",\"urlTemplate\":\"https:\\\/\\\/softcom.ee\\\/?s={search_term_string}\"},\"query-input\":{\"@type\":\"PropertyValueSpecification\",\"valueRequired\":true,\"valueName\":\"search_term_string\"}}],\"inLanguage\":\"et\"},{\"@type\":\"Organization\",\"@id\":\"https:\\\/\\\/softcom.ee\\\/#organization\",\"name\":\"Softcom\",\"url\":\"https:\\\/\\\/softcom.ee\\\/\",\"logo\":{\"@type\":\"ImageObject\",\"inLanguage\":\"et\",\"@id\":\"https:\\\/\\\/softcom.ee\\\/#\\\/schema\\\/logo\\\/image\\\/\",\"url\":\"https:\\\/\\\/softcom.ee\\\/wp-content\\\/uploads\\\/2022\\\/09\\\/d7d795_d2235a7fc4aa45f995bf48bcaf1dcc39_mv2-1.png\",\"contentUrl\":\"https:\\\/\\\/softcom.ee\\\/wp-content\\\/uploads\\\/2022\\\/09\\\/d7d795_d2235a7fc4aa45f995bf48bcaf1dcc39_mv2-1.png\",\"width\":150,\"height\":59,\"caption\":\"Softcom\"},\"image\":{\"@id\":\"https:\\\/\\\/softcom.ee\\\/#\\\/schema\\\/logo\\\/image\\\/\"},\"sameAs\":[\"https:\\\/\\\/www.facebook.com\\\/Softcomestonia\\\/\"]}]}<\/script>\n<!-- \/ Yoast SEO plugin. -->","yoast_head_json":{"title":"Softcom - Jagad meie kirge m\u00f6\u00f6bli vastu? V\u00f5ta meiega \u00fchendust!","description":"V\u00f5ta meiega \u00fchendust! We can make it happen together. Softcom can turn an idea into a product.","robots":{"index":"index","follow":"follow","max-snippet":"max-snippet:-1","max-image-preview":"max-image-preview:large","max-video-preview":"max-video-preview:-1"},"canonical":"https:\/\/softcom.ee\/et\/kontaktid\/","og_locale":"et_EE","og_type":"article","og_title":"Softcom - Jagad meie kirge m\u00f6\u00f6bli vastu? V\u00f5ta meiega \u00fchendust!","og_description":"V\u00f5ta meiega \u00fchendust! We can make it happen together. Softcom can turn an idea into a product.","og_url":"https:\/\/softcom.ee\/et\/kontaktid\/","og_site_name":"Softcom","article_publisher":"https:\/\/www.facebook.com\/Softcomestonia\/","article_modified_time":"2023-11-07T06:59:44+00:00","twitter_card":"summary_large_image","schema":{"@context":"https:\/\/schema.org","@graph":[{"@type":"WebPage","@id":"https:\/\/softcom.ee\/et\/kontaktid\/","url":"https:\/\/softcom.ee\/et\/kontaktid\/","name":"Softcom - Jagad meie kirge m\u00f6\u00f6bli vastu? V\u00f5ta meiega \u00fchendust!","isPartOf":{"@id":"https:\/\/softcom.ee\/#website"},"datePublished":"2022-09-12T12:58:02+00:00","dateModified":"2023-11-07T06:59:44+00:00","description":"V\u00f5ta meiega \u00fchendust! We can make it happen together. Softcom can turn an idea into a product.","breadcrumb":{"@id":"https:\/\/softcom.ee\/et\/kontaktid\/#breadcrumb"},"inLanguage":"et","potentialAction":[{"@type":"ReadAction","target":["https:\/\/softcom.ee\/et\/kontaktid\/"]}]},{"@type":"BreadcrumbList","@id":"https:\/\/softcom.ee\/et\/kontaktid\/#breadcrumb","itemListElement":[{"@type":"ListItem","position":1,"name":"Home","item":"https:\/\/softcom.ee\/et\/"},{"@type":"ListItem","position":2,"name":"Kontaktid"}]},{"@type":"WebSite","@id":"https:\/\/softcom.ee\/#website","url":"https:\/\/softcom.ee\/","name":"Softcom","description":"Softcom web","publisher":{"@id":"https:\/\/softcom.ee\/#organization"},"potentialAction":[{"@type":"SearchAction","target":{"@type":"EntryPoint","urlTemplate":"https:\/\/softcom.ee\/?s={search_term_string}"},"query-input":{"@type":"PropertyValueSpecification","valueRequired":true,"valueName":"search_term_string"}}],"inLanguage":"et"},{"@type":"Organization","@id":"https:\/\/softcom.ee\/#organization","name":"Softcom","url":"https:\/\/softcom.ee\/","logo":{"@type":"ImageObject","inLanguage":"et","@id":"https:\/\/softcom.ee\/#\/schema\/logo\/image\/","url":"https:\/\/softcom.ee\/wp-content\/uploads\/2022\/09\/d7d795_d2235a7fc4aa45f995bf48bcaf1dcc39_mv2-1.png","contentUrl":"https:\/\/softcom.ee\/wp-content\/uploads\/2022\/09\/d7d795_d2235a7fc4aa45f995bf48bcaf1dcc39_mv2-1.png","width":150,"height":59,"caption":"Softcom"},"image":{"@id":"https:\/\/softcom.ee\/#\/schema\/logo\/image\/"},"sameAs":["https:\/\/www.facebook.com\/Softcomestonia\/"]}]}},"_links":{"self":[{"href":"https:\/\/softcom.ee\/et\/wp-json\/wp\/v2\/pages\/1463","targetHints":{"allow":["GET"]}}],"collection":[{"href":"https:\/\/softcom.ee\/et\/wp-json\/wp\/v2\/pages"}],"about":[{"href":"https:\/\/softcom.ee\/et\/wp-json\/wp\/v2\/types\/page"}],"author":[{"embeddable":true,"href":"https:\/\/softcom.ee\/et\/wp-json\/wp\/v2\/users\/1"}],"replies":[{"embeddable":true,"href":"https:\/\/softcom.ee\/et\/wp-json\/wp\/v2\/comments?post=1463"}],"version-history":[{"count":14,"href":"https:\/\/softcom.ee\/et\/wp-json\/wp\/v2\/pages\/1463\/revisions"}],"predecessor-version":[{"id":1636,"href":"https:\/\/softcom.ee\/et\/wp-json\/wp\/v2\/pages\/1463\/revisions\/1636"}],"wp:attachment":[{"href":"https:\/\/softcom.ee\/et\/wp-json\/wp\/v2\/media?parent=1463"}],"curies":[{"name":"wp","href":"https:\/\/api.w.org\/{rel}","templated":true}]}}