{"id":1419,"date":"2022-01-20T10:58:13","date_gmt":"2022-01-20T08:58:13","guid":{"rendered":"http:\/\/softcom.ee\/esileht\/"},"modified":"2024-11-15T16:24:59","modified_gmt":"2024-11-15T14:24:59","slug":"esileht","status":"publish","type":"page","link":"https:\/\/softcom.ee\/et\/","title":{"rendered":"Esileht"},"content":{"rendered":"\n<section class=\"front-page-header\">\n  <div class=\"container\">\n    <div class=\"header-left\">\n      <h1>Softcom on P\u00f5hjamaade juhtiv pehmem\u00f6\u00f6bli tootja!<\/h1>\n      <a href=\"http:\/\/softcom.ee\/et\/kontaktid\/\" class=\"btn-custom-arrow\">V\u00f5ta \u00fchendust<\/a>\n    <\/div>\n  <\/div>\n  <div class=\"header-right\">\n    <img decoding=\"async\" src=\"https:\/\/softcom.ee\/wp-content\/uploads\/2022\/12\/Furgner-salong_014.jpg\" alt=\"\">\n  <\/div>\n  <div class=\"scroll-indicator\">\n    <img decoding=\"async\" src=\"https:\/\/softcom.ee\/wp-content\/themes\/softcom\/assets\/images\/scroll.png\" alt=\"\">\n  <\/div>\n<\/section>\n\n\r\n\r\n\r\n<section class=\"split-accordion bg-color-grey padding-y-large\">\r\n  <div class=\"container\">\r\n    <div class=\"row\">\r\n      <div class=\"col-12 col-lg-6 split-accordion-left\">\r\n        <h2>Meil saavad kokku kvaliteet ja paindlikkus<\/h2>\r\n        <div class=\"split-img\" style=\"background-image:url(https:\/\/softcom.ee\/wp-content\/uploads\/2022\/09\/21JJ1217_162-1-1.jpg)\">\r\n          <div class=\"split-img--bg\"><\/div>\r\n        <\/div>\r\n      <\/div>\r\n      <div class=\"col-12 col-lg-6 split-accordion-right\">\r\n        \r\n        <h3>T\u00f6\u00f6tame selle nimel, et oma klientide ideed ellu viia.<\/h3>\r\n        <div class=\"accordion accordion-flush custom-accordion-split\" id=\"custom-accordion-split\"><div class=\"accordion-item\"><h2 class=\"accordion-header\" id=\"heading1\"><button class=\"accordion-button collapsed\" type=\"button\" data-bs-toggle=\"collapse\" data-bs-target=\"#collapse1\" aria-expanded=\"true\" aria-controls=\"collapse1\"><span class=\"accordion-number\">01<\/span><span class=\"accordion-heading\">Tootejoonised<\/span><\/button><\/h2><div id=\"collapse1\" class=\"accordion-collapse collapse\" aria-labelledby=\"heading1\" data-bs-parent=\"#custom-accordion-split\"><div class=\"accordion-body\"><\/div><\/div><\/div><div class=\"accordion-item\"><h2 class=\"accordion-header\" id=\"heading2\"><button class=\"accordion-button collapsed\" type=\"button\" data-bs-toggle=\"collapse\" data-bs-target=\"#collapse2\" aria-expanded=\"true\" aria-controls=\"collapse2\"><span class=\"accordion-number\">02<\/span><span class=\"accordion-heading\">3D protot\u00fc\u00fcbid ja testimine<\/span><\/button><\/h2><div id=\"collapse2\" class=\"accordion-collapse collapse\" aria-labelledby=\"heading2\" data-bs-parent=\"#custom-accordion-split\"><div class=\"accordion-body\"><\/div><\/div><\/div><div class=\"accordion-item\"><h2 class=\"accordion-header\" id=\"heading3\"><button class=\"accordion-button collapsed\" type=\"button\" data-bs-toggle=\"collapse\" data-bs-target=\"#collapse3\" aria-expanded=\"true\" aria-controls=\"collapse3\"><span class=\"accordion-number\">03<\/span><span class=\"accordion-heading\">N\u00e4idistooted ning materjalide valik<\/span><\/button><\/h2><div id=\"collapse3\" class=\"accordion-collapse collapse\" aria-labelledby=\"heading3\" data-bs-parent=\"#custom-accordion-split\"><div class=\"accordion-body\"><\/div><\/div><\/div><\/div>      <\/div>\r\n    <\/div>\r\n  <\/div>\r\n<\/section>\n\n\n<section class=\"split-img-text section-spacing-none\">\n    <div class=\"container\">\n        <div class=\"row\">\n            <div class=\"col-6 split-img-text-left\" style=\"background-image:url(https:\/\/softcom.ee\/wp-content\/uploads\/2022\/09\/21JJ1217_135-1.jpg)\">\n\n            <\/div>\n            <div class=\"col-6 split-img-text-right\" style=\"background-color:#ffffff\">\n                <div class=\"split-img-text-right--inner\">\n                    <p>Olenemata v\u00e4ljakutse suurusest, oleme n\u00f5us selle vastu v\u00f5tma. Teie disainilahenduste j\u00e4rgi muudame kanga, naha, metalli, naturaalse ja komposiitpuidu kauniteks ja mugavateks toodeteks.<\/p>\n<p>Teie\u00a0saate keskenduda oma klientidele parimate toodete ja teenuste pakkumisele, sest meie toetame teid\u00a0paindlikkusega kogu koost\u00f6\u00f6 jooksul \u2013\u00a0tellimuste haldamine, kohandatud sildid, pakkimine ja\u00a0logistika.<\/p>\n                <\/div>\n            <\/div>\n        <\/div>\n    <\/div>\n<\/section>","protected":false},"excerpt":{"rendered":"","protected":false},"author":1,"featured_media":0,"parent":0,"menu_order":0,"comment_status":"closed","ping_status":"closed","template":"","meta":{"inline_featured_image":false,"footnotes":""},"class_list":["post-1419","page","type-page","status-publish","hentry"],"acf":[],"yoast_head":"<!-- This site is optimized with the Yoast SEO plugin v27.4 - https:\/\/yoast.com\/product\/yoast-seo-wordpress\/ -->\n<title>Softcom - Meil saavad kokku kvaliteet ja paindlikkus<\/title>\n<meta name=\"description\" content=\"Partner juhtivatele Euroopa veebi- ja jaem\u00fc\u00fcgibr\u00e4ndidele Alates 1999. aastast tegutsedes on meil kogemus, oskusteave ja suutlikkus iga n\u00f5udluse rahuldamiseks\" \/>\n<meta name=\"robots\" content=\"index, follow, max-snippet:-1, max-image-preview:large, max-video-preview:-1\" \/>\n<link rel=\"canonical\" href=\"https:\/\/softcom.ee\/et\/\" \/>\n<meta property=\"og:locale\" content=\"et_EE\" \/>\n<meta property=\"og:type\" content=\"article\" \/>\n<meta property=\"og:title\" content=\"Softcom - Meil saavad kokku kvaliteet ja paindlikkus\" \/>\n<meta property=\"og:description\" content=\"Partner juhtivatele Euroopa veebi- ja jaem\u00fc\u00fcgibr\u00e4ndidele Alates 1999. aastast tegutsedes on meil kogemus, oskusteave ja suutlikkus iga n\u00f5udluse rahuldamiseks\" \/>\n<meta property=\"og:url\" content=\"https:\/\/softcom.ee\/et\/\" \/>\n<meta property=\"og:site_name\" content=\"Softcom\" \/>\n<meta property=\"article:publisher\" content=\"https:\/\/www.facebook.com\/Softcomestonia\/\" \/>\n<meta property=\"article:modified_time\" content=\"2024-11-15T14:24:59+00:00\" \/>\n<meta name=\"twitter:card\" content=\"summary_large_image\" \/>\n<script type=\"application\/ld+json\" class=\"yoast-schema-graph\">{\"@context\":\"https:\\\/\\\/schema.org\",\"@graph\":[{\"@type\":\"WebPage\",\"@id\":\"https:\\\/\\\/softcom.ee\\\/et\\\/\",\"url\":\"https:\\\/\\\/softcom.ee\\\/et\\\/\",\"name\":\"Softcom - Meil saavad kokku kvaliteet ja paindlikkus\",\"isPartOf\":{\"@id\":\"https:\\\/\\\/softcom.ee\\\/#website\"},\"datePublished\":\"2022-01-20T08:58:13+00:00\",\"dateModified\":\"2024-11-15T14:24:59+00:00\",\"description\":\"Partner juhtivatele Euroopa veebi- ja jaem\u00fc\u00fcgibr\u00e4ndidele Alates 1999. aastast tegutsedes on meil kogemus, oskusteave ja suutlikkus iga n\u00f5udluse rahuldamiseks\",\"breadcrumb\":{\"@id\":\"https:\\\/\\\/softcom.ee\\\/et\\\/#breadcrumb\"},\"inLanguage\":\"et\",\"potentialAction\":[{\"@type\":\"ReadAction\",\"target\":[\"https:\\\/\\\/softcom.ee\\\/et\\\/\"]}]},{\"@type\":\"BreadcrumbList\",\"@id\":\"https:\\\/\\\/softcom.ee\\\/et\\\/#breadcrumb\",\"itemListElement\":[{\"@type\":\"ListItem\",\"position\":1,\"name\":\"Home\",\"item\":\"https:\\\/\\\/softcom.ee\\\/et\\\/\"},{\"@type\":\"ListItem\",\"position\":2,\"name\":\"Esileht\"}]},{\"@type\":\"WebSite\",\"@id\":\"https:\\\/\\\/softcom.ee\\\/#website\",\"url\":\"https:\\\/\\\/softcom.ee\\\/\",\"name\":\"Softcom\",\"description\":\"Softcom web\",\"publisher\":{\"@id\":\"https:\\\/\\\/softcom.ee\\\/#organization\"},\"potentialAction\":[{\"@type\":\"SearchAction\",\"target\":{\"@type\":\"EntryPoint\",\"urlTemplate\":\"https:\\\/\\\/softcom.ee\\\/?s={search_term_string}\"},\"query-input\":{\"@type\":\"PropertyValueSpecification\",\"valueRequired\":true,\"valueName\":\"search_term_string\"}}],\"inLanguage\":\"et\"},{\"@type\":\"Organization\",\"@id\":\"https:\\\/\\\/softcom.ee\\\/#organization\",\"name\":\"Softcom\",\"url\":\"https:\\\/\\\/softcom.ee\\\/\",\"logo\":{\"@type\":\"ImageObject\",\"inLanguage\":\"et\",\"@id\":\"https:\\\/\\\/softcom.ee\\\/#\\\/schema\\\/logo\\\/image\\\/\",\"url\":\"https:\\\/\\\/softcom.ee\\\/wp-content\\\/uploads\\\/2022\\\/09\\\/d7d795_d2235a7fc4aa45f995bf48bcaf1dcc39_mv2-1.png\",\"contentUrl\":\"https:\\\/\\\/softcom.ee\\\/wp-content\\\/uploads\\\/2022\\\/09\\\/d7d795_d2235a7fc4aa45f995bf48bcaf1dcc39_mv2-1.png\",\"width\":150,\"height\":59,\"caption\":\"Softcom\"},\"image\":{\"@id\":\"https:\\\/\\\/softcom.ee\\\/#\\\/schema\\\/logo\\\/image\\\/\"},\"sameAs\":[\"https:\\\/\\\/www.facebook.com\\\/Softcomestonia\\\/\"]}]}<\/script>\n<!-- \/ Yoast SEO plugin. -->","yoast_head_json":{"title":"Softcom - Meil saavad kokku kvaliteet ja paindlikkus","description":"Partner juhtivatele Euroopa veebi- ja jaem\u00fc\u00fcgibr\u00e4ndidele Alates 1999. aastast tegutsedes on meil kogemus, oskusteave ja suutlikkus iga n\u00f5udluse rahuldamiseks","robots":{"index":"index","follow":"follow","max-snippet":"max-snippet:-1","max-image-preview":"max-image-preview:large","max-video-preview":"max-video-preview:-1"},"canonical":"https:\/\/softcom.ee\/et\/","og_locale":"et_EE","og_type":"article","og_title":"Softcom - Meil saavad kokku kvaliteet ja paindlikkus","og_description":"Partner juhtivatele Euroopa veebi- ja jaem\u00fc\u00fcgibr\u00e4ndidele Alates 1999. aastast tegutsedes on meil kogemus, oskusteave ja suutlikkus iga n\u00f5udluse rahuldamiseks","og_url":"https:\/\/softcom.ee\/et\/","og_site_name":"Softcom","article_publisher":"https:\/\/www.facebook.com\/Softcomestonia\/","article_modified_time":"2024-11-15T14:24:59+00:00","twitter_card":"summary_large_image","schema":{"@context":"https:\/\/schema.org","@graph":[{"@type":"WebPage","@id":"https:\/\/softcom.ee\/et\/","url":"https:\/\/softcom.ee\/et\/","name":"Softcom - Meil saavad kokku kvaliteet ja paindlikkus","isPartOf":{"@id":"https:\/\/softcom.ee\/#website"},"datePublished":"2022-01-20T08:58:13+00:00","dateModified":"2024-11-15T14:24:59+00:00","description":"Partner juhtivatele Euroopa veebi- ja jaem\u00fc\u00fcgibr\u00e4ndidele Alates 1999. aastast tegutsedes on meil kogemus, oskusteave ja suutlikkus iga n\u00f5udluse rahuldamiseks","breadcrumb":{"@id":"https:\/\/softcom.ee\/et\/#breadcrumb"},"inLanguage":"et","potentialAction":[{"@type":"ReadAction","target":["https:\/\/softcom.ee\/et\/"]}]},{"@type":"BreadcrumbList","@id":"https:\/\/softcom.ee\/et\/#breadcrumb","itemListElement":[{"@type":"ListItem","position":1,"name":"Home","item":"https:\/\/softcom.ee\/et\/"},{"@type":"ListItem","position":2,"name":"Esileht"}]},{"@type":"WebSite","@id":"https:\/\/softcom.ee\/#website","url":"https:\/\/softcom.ee\/","name":"Softcom","description":"Softcom web","publisher":{"@id":"https:\/\/softcom.ee\/#organization"},"potentialAction":[{"@type":"SearchAction","target":{"@type":"EntryPoint","urlTemplate":"https:\/\/softcom.ee\/?s={search_term_string}"},"query-input":{"@type":"PropertyValueSpecification","valueRequired":true,"valueName":"search_term_string"}}],"inLanguage":"et"},{"@type":"Organization","@id":"https:\/\/softcom.ee\/#organization","name":"Softcom","url":"https:\/\/softcom.ee\/","logo":{"@type":"ImageObject","inLanguage":"et","@id":"https:\/\/softcom.ee\/#\/schema\/logo\/image\/","url":"https:\/\/softcom.ee\/wp-content\/uploads\/2022\/09\/d7d795_d2235a7fc4aa45f995bf48bcaf1dcc39_mv2-1.png","contentUrl":"https:\/\/softcom.ee\/wp-content\/uploads\/2022\/09\/d7d795_d2235a7fc4aa45f995bf48bcaf1dcc39_mv2-1.png","width":150,"height":59,"caption":"Softcom"},"image":{"@id":"https:\/\/softcom.ee\/#\/schema\/logo\/image\/"},"sameAs":["https:\/\/www.facebook.com\/Softcomestonia\/"]}]}},"_links":{"self":[{"href":"https:\/\/softcom.ee\/et\/wp-json\/wp\/v2\/pages\/1419","targetHints":{"allow":["GET"]}}],"collection":[{"href":"https:\/\/softcom.ee\/et\/wp-json\/wp\/v2\/pages"}],"about":[{"href":"https:\/\/softcom.ee\/et\/wp-json\/wp\/v2\/types\/page"}],"author":[{"embeddable":true,"href":"https:\/\/softcom.ee\/et\/wp-json\/wp\/v2\/users\/1"}],"replies":[{"embeddable":true,"href":"https:\/\/softcom.ee\/et\/wp-json\/wp\/v2\/comments?post=1419"}],"version-history":[{"count":46,"href":"https:\/\/softcom.ee\/et\/wp-json\/wp\/v2\/pages\/1419\/revisions"}],"predecessor-version":[{"id":1648,"href":"https:\/\/softcom.ee\/et\/wp-json\/wp\/v2\/pages\/1419\/revisions\/1648"}],"wp:attachment":[{"href":"https:\/\/softcom.ee\/et\/wp-json\/wp\/v2\/media?parent=1419"}],"curies":[{"name":"wp","href":"https:\/\/api.w.org\/{rel}","templated":true}]}}